{"id":611,"date":"2024-03-25T03:17:34","date_gmt":"2024-03-25T03:17:34","guid":{"rendered":"http:\/\/localhost:8888\/jednoreceno\/?page_id=2"},"modified":"2025-07-25T15:31:00","modified_gmt":"2025-07-25T14:31:00","slug":"homepage","status":"publish","type":"page","link":"https:\/\/jednostavnoreceno.rs\/en\/","title":{"rendered":"homepage"},"content":{"rendered":"<div data-elementor-type=\"wp-page\" data-elementor-id=\"611\" class=\"elementor elementor-611\">\n\t\t\t\t<div class=\"elementor-element elementor-element-5efaee7 e-flex e-con-boxed e-con e-parent\" data-id=\"5efaee7\" data-element_type=\"container\">\n\t\t\t\t\t<div class=\"e-con-inner\">\n\t\t\t\t<div class=\"elementor-element elementor-element-fd9315e elementor-alert-info elementor-widget elementor-widget-alert\" data-id=\"fd9315e\" data-element_type=\"widget\" data-widget_type=\"alert.default\">\n\t\t\t\t<div class=\"elementor-widget-container\">\n\t\t\t\t\t\t\t<div class=\"elementor-alert\" role=\"alert\">\n\n\t\t\t\t\t\t<span class=\"elementor-alert-title\">Under Construction<\/span>\n\t\t\t\n\t\t\t\t\t\t<span class=\"elementor-alert-description\">This website is currently under construction. Some sections may not work or may change frequently.<\/span>\n\t\t\t\n\t\t\t\t\t\t<button type=\"button\" class=\"elementor-alert-dismiss\" aria-label=\"Dismiss this alert.\">\n\t\t\t\t\t\t\t\t\t<span aria-hidden=\"true\">&times;<\/span>\n\t\t\t\t\t\t\t<\/button>\n\t\t\t\n\t\t<\/div>\n\t\t\t\t\t\t<\/div>\n\t\t\t\t<\/div>\n\t\t\t\t<div class=\"elementor-element elementor-element-5bb9d7a elementor-widget-divider--view-line elementor-widget elementor-widget-divider\" data-id=\"5bb9d7a\" data-element_type=\"widget\" data-widget_type=\"divider.default\">\n\t\t\t\t<div class=\"elementor-widget-container\">\n\t\t\t\t\t\t\t<div class=\"elementor-divider\">\n\t\t\t<span class=\"elementor-divider-separator\">\n\t\t\t\t\t\t<\/span>\n\t\t<\/div>\n\t\t\t\t\t\t<\/div>\n\t\t\t\t<\/div>\n\t\t\t\t<div class=\"elementor-element elementor-element-5df09e0 elementor-widget elementor-widget-heading\" data-id=\"5df09e0\" data-element_type=\"widget\" data-widget_type=\"heading.default\">\n\t\t\t\t<div class=\"elementor-widget-container\">\n\t\t\t\t\t<h3 class=\"elementor-heading-title elementor-size-default\">trending<\/h3>\t\t\t\t<\/div>\n\t\t\t\t<\/div>\n\t\t\t\t<div class=\"elementor-element elementor-element-6b37070 elementor-widget elementor-widget-html\" data-id=\"6b37070\" data-element_type=\"widget\" data-widget_type=\"html.default\">\n\t\t\t\t<div class=\"elementor-widget-container\">\n\t\t\t\t\t<style>.swiper-slide-image{cursor: pointer;} <\/style>\r\n\r\n<script>\r\ndocument.addEventListener('DOMContentLoaded', function () {\r\n\r\n\/* Edit the URL Links Here *\/\r\nlet links = [\r\n    '#',\r\n    '#',\r\n    'https:\/jednostavnoreceno.rs\/fabrika-automobila-priboj\/',\r\n];\r\n\r\ndocument.body.addEventListener('click', function (e) {\r\n    if (e.target.closest('.carousel-links .swiper-slide')){\r\n    let i = e.target.closest('.swiper-slide').getAttribute(\"data-swiper-slide-index\");\r\n    if (links[i] && links[i].length > 2){\r\n    location = links[i];\r\n    }\r\n    }\r\n});\r\n});\r\n<\/script>\t\t\t\t<\/div>\n\t\t\t\t<\/div>\n\t\t\t\t<div class=\"elementor-element elementor-element-6b0fe31 elementor-pagination-position-inside elementor-arrows-position-outside carousel-links elementor-invisible elementor-widget elementor-widget-image-carousel\" data-id=\"6b0fe31\" data-element_type=\"widget\" data-settings=\"{&quot;_animation&quot;:&quot;fadeIn&quot;,&quot;slides_to_show&quot;:&quot;2&quot;,&quot;navigation&quot;:&quot;both&quot;,&quot;autoplay&quot;:&quot;yes&quot;,&quot;pause_on_hover&quot;:&quot;yes&quot;,&quot;pause_on_interaction&quot;:&quot;yes&quot;,&quot;autoplay_speed&quot;:5000,&quot;infinite&quot;:&quot;yes&quot;,&quot;speed&quot;:500,&quot;image_spacing_custom&quot;:{&quot;unit&quot;:&quot;px&quot;,&quot;size&quot;:20,&quot;sizes&quot;:[]},&quot;image_spacing_custom_tablet&quot;:{&quot;unit&quot;:&quot;px&quot;,&quot;size&quot;:&quot;&quot;,&quot;sizes&quot;:[]},&quot;image_spacing_custom_mobile&quot;:{&quot;unit&quot;:&quot;px&quot;,&quot;size&quot;:&quot;&quot;,&quot;sizes&quot;:[]}}\" data-widget_type=\"image-carousel.default\">\n\t\t\t\t<div class=\"elementor-widget-container\">\n\t\t\t\t\t\t\t<div class=\"elementor-image-carousel-wrapper swiper\" role=\"region\" aria-roledescription=\"carousel\" aria-label=\"Image Carousel\" dir=\"ltr\">\n\t\t\t<div class=\"elementor-image-carousel swiper-wrapper\" aria-live=\"off\">\n\t\t\t\t\t\t\t\t<div class=\"swiper-slide\" role=\"group\" aria-roledescription=\"slide\" aria-label=\"1 of 3\"><figure class=\"swiper-slide-inner\"><img decoding=\"async\" class=\"swiper-slide-image\" src=\"https:\/\/jednostavnoreceno.rs\/wp-content\/uploads\/2024\/10\/281746000_376351694553818_1366923450781891028_n-768x406.jpeg\" alt=\"Izlo\u017eba i prezentacija knjige \u201cVe\u0107 nevi\u0111eno\u201d Kulturni centar Priboj, 11. decembar-11. januar\" \/><figcaption class=\"elementor-image-carousel-caption\">Izlo\u017eba i prezentacija knjige \u201cVe\u0107 nevi\u0111eno\u201d Kulturni centar Priboj, 11. decembar-11. januar<\/figcaption><\/figure><\/div><div class=\"swiper-slide\" role=\"group\" aria-roledescription=\"slide\" aria-label=\"2 of 3\"><figure class=\"swiper-slide-inner\"><img decoding=\"async\" class=\"swiper-slide-image\" src=\"https:\/\/jednostavnoreceno.rs\/wp-content\/uploads\/2024\/10\/Fotka-za-slajder-768x296.png\" alt=\"The Wind Got Up in the Night and Took Our Plans Away\" \/><figcaption class=\"elementor-image-carousel-caption\">The Wind Got Up in the Night and Took Our Plans Away<\/figcaption><\/figure><\/div><div class=\"swiper-slide\" role=\"group\" aria-roledescription=\"slide\" aria-label=\"3 of 3\"><figure class=\"swiper-slide-inner\"><img decoding=\"async\" class=\"swiper-slide-image\" src=\"https:\/\/jednostavnoreceno.rs\/wp-content\/uploads\/2024\/10\/Fabrika-automobila-Priboj-maj-2021-foto-arhiva-Umetnickog-kolektiva-Jednostavno-receno-768x527.jpg\" alt=\"Fabrike automobila Priboj\" \/><figcaption class=\"elementor-image-carousel-caption\">Fabrike automobila Priboj<\/figcaption><\/figure><\/div>\t\t\t<\/div>\n\t\t\t\t\t\t\t\t\t\t\t\t<div class=\"elementor-swiper-button elementor-swiper-button-prev\" role=\"button\" tabindex=\"0\">\n\t\t\t\t\t\t<svg aria-hidden=\"true\" class=\"e-font-icon-svg e-fas-chevron-left\" viewbox=\"0 0 320 512\" xmlns=\"http:\/\/www.w3.org\/2000\/svg\"><path d=\"M34.52 239.03L228.87 44.69c9.37-9.37 24.57-9.37 33.94 0l22.67 22.67c9.36 9.36 9.37 24.52.04 33.9L131.49 256l154.02 154.75c9.34 9.38 9.32 24.54-.04 33.9l-22.67 22.67c-9.37 9.37-24.57 9.37-33.94 0L34.52 272.97c-9.37-9.37-9.37-24.57 0-33.94z\"><\/path><\/svg>\t\t\t\t\t<\/div>\n\t\t\t\t\t<div class=\"elementor-swiper-button elementor-swiper-button-next\" role=\"button\" tabindex=\"0\">\n\t\t\t\t\t\t<svg aria-hidden=\"true\" class=\"e-font-icon-svg e-fas-chevron-right\" viewbox=\"0 0 320 512\" xmlns=\"http:\/\/www.w3.org\/2000\/svg\"><path d=\"M285.476 272.971L91.132 467.314c-9.373 9.373-24.569 9.373-33.941 0l-22.667-22.667c-9.357-9.357-9.375-24.522-.04-33.901L188.505 256 34.484 101.255c-9.335-9.379-9.317-24.544.04-33.901l22.667-22.667c9.373-9.373 24.569-9.373 33.941 0L285.475 239.03c9.373 9.372 9.373 24.568.001 33.941z\"><\/path><\/svg>\t\t\t\t\t<\/div>\n\t\t\t\t\n\t\t\t\t\t\t\t\t\t<div class=\"swiper-pagination\"><\/div>\n\t\t\t\t\t\t\t\t\t<\/div>\n\t\t\t\t\t\t<\/div>\n\t\t\t\t<\/div>\n\t\t\t\t\t<\/div>\n\t\t\t\t<\/div>\n\t\t<div class=\"elementor-element elementor-element-cd91656 e-flex e-con-boxed e-con e-parent\" data-id=\"cd91656\" data-element_type=\"container\">\n\t\t\t\t\t<div class=\"e-con-inner\">\n\t\t\t\t<div class=\"elementor-element elementor-element-d7f6498 elementor-widget-divider--view-line elementor-widget elementor-widget-divider\" data-id=\"d7f6498\" data-element_type=\"widget\" data-widget_type=\"divider.default\">\n\t\t\t\t<div class=\"elementor-widget-container\">\n\t\t\t\t\t\t\t<div class=\"elementor-divider\">\n\t\t\t<span class=\"elementor-divider-separator\">\n\t\t\t\t\t\t<\/span>\n\t\t<\/div>\n\t\t\t\t\t\t<\/div>\n\t\t\t\t<\/div>\n\t\t\t\t<div class=\"elementor-element elementor-element-9635508 elementor-invisible elementor-widget elementor-widget-image\" data-id=\"9635508\" data-element_type=\"widget\" data-settings=\"{&quot;_animation&quot;:&quot;fadeIn&quot;}\" data-widget_type=\"image.default\">\n\t\t\t\t<div class=\"elementor-widget-container\">\n\t\t\t\t\t\t\t\t\t\t\t\t\t\t\t<img fetchpriority=\"high\" decoding=\"async\" width=\"800\" height=\"534\" src=\"https:\/\/jednostavnoreceno.rs\/wp-content\/uploads\/2024\/10\/362406682_832489005064384_2610280846579659837_n-1024x684.jpg\" class=\"attachment-large size-large wp-image-836\" alt=\"\" srcset=\"https:\/\/jednostavnoreceno.rs\/wp-content\/uploads\/2024\/10\/362406682_832489005064384_2610280846579659837_n-1024x684.jpg 1024w, https:\/\/jednostavnoreceno.rs\/wp-content\/uploads\/2024\/10\/362406682_832489005064384_2610280846579659837_n-300x200.jpg 300w, https:\/\/jednostavnoreceno.rs\/wp-content\/uploads\/2024\/10\/362406682_832489005064384_2610280846579659837_n-768x513.jpg 768w, https:\/\/jednostavnoreceno.rs\/wp-content\/uploads\/2024\/10\/362406682_832489005064384_2610280846579659837_n-1536x1025.jpg 1536w, https:\/\/jednostavnoreceno.rs\/wp-content\/uploads\/2024\/10\/362406682_832489005064384_2610280846579659837_n-18x12.jpg 18w, https:\/\/jednostavnoreceno.rs\/wp-content\/uploads\/2024\/10\/362406682_832489005064384_2610280846579659837_n.jpg 2048w\" sizes=\"(max-width: 800px) 100vw, 800px\" \/>\t\t\t\t\t\t\t\t\t\t\t\t\t\t\t<\/div>\n\t\t\t\t<\/div>\n\t\t\t\t\t<\/div>\n\t\t\t\t<\/div>\n\t\t<div class=\"elementor-element elementor-element-dde9783 e-flex e-con-boxed e-con e-parent\" data-id=\"dde9783\" data-element_type=\"container\">\n\t\t\t\t\t<div class=\"e-con-inner\">\n\t\t\t\t\t<\/div>\n\t\t\t\t<\/div>\n\t\t\t\t<\/div>","protected":false},"excerpt":{"rendered":"<p>U izradi Ova web stranica je trenutno u izradi. Neki delovi mo\u017eda ne\u0107e raditi ili \u0107e se \u010desto menjati. &times; aktuelno Izlo\u017eba i prezentacija knjige \u201cVe\u0107 nevi\u0111eno\u201d Kulturni centar Priboj, 11. decembar-11. januar The Wind Got Up in the Night and Took Our Plans Away Fabrike automobila Priboj<\/p>","protected":false},"author":1,"featured_media":0,"parent":0,"menu_order":0,"comment_status":"closed","ping_status":"closed","template":"","meta":{"footnotes":""},"class_list":["post-611","page","type-page","status-publish","hentry"],"jetpack_sharing_enabled":true,"_links":{"self":[{"href":"https:\/\/jednostavnoreceno.rs\/en\/wp-json\/wp\/v2\/pages\/611","targetHints":{"allow":["GET"]}}],"collection":[{"href":"https:\/\/jednostavnoreceno.rs\/en\/wp-json\/wp\/v2\/pages"}],"about":[{"href":"https:\/\/jednostavnoreceno.rs\/en\/wp-json\/wp\/v2\/types\/page"}],"author":[{"embeddable":true,"href":"https:\/\/jednostavnoreceno.rs\/en\/wp-json\/wp\/v2\/users\/1"}],"replies":[{"embeddable":true,"href":"https:\/\/jednostavnoreceno.rs\/en\/wp-json\/wp\/v2\/comments?post=611"}],"version-history":[{"count":0,"href":"https:\/\/jednostavnoreceno.rs\/en\/wp-json\/wp\/v2\/pages\/611\/revisions"}],"wp:attachment":[{"href":"https:\/\/jednostavnoreceno.rs\/en\/wp-json\/wp\/v2\/media?parent=611"}],"curies":[{"name":"wp","href":"https:\/\/api.w.org\/{rel}","templated":true}]}}