{"id":959,"date":"2025-07-25T15:14:03","date_gmt":"2025-07-25T14:14:03","guid":{"rendered":"https:\/\/jednostavnoreceno.rs\/?page_id=959"},"modified":"2025-07-25T15:22:47","modified_gmt":"2025-07-25T14:22:47","slug":"kraj-sveta","status":"publish","type":"page","link":"https:\/\/jednostavnoreceno.rs\/en\/kraj-sveta\/","title":{"rendered":"Tamo gde se ne \u010dujemo sigurno je kraj sveta"},"content":{"rendered":"<div data-elementor-type=\"wp-page\" data-elementor-id=\"959\" class=\"elementor elementor-959\">\n\t\t\t\t<div class=\"elementor-element elementor-element-2b9ed4d e-grid e-con-boxed e-con e-parent\" data-id=\"2b9ed4d\" data-element_type=\"container\">\n\t\t\t\t\t<div class=\"e-con-inner\">\n\t\t\t\t<div class=\"elementor-element elementor-element-2449934 elementor-widget elementor-widget-image\" data-id=\"2449934\" data-element_type=\"widget\" data-widget_type=\"image.default\">\n\t\t\t\t<div class=\"elementor-widget-container\">\n\t\t\t\t\t\t\t\t\t\t\t\t\t\t\t\t<a href=\"https:\/\/jednostavnoreceno.rs\/wp-content\/uploads\/izlozbe\/Tamo_gde_se_ne_cujemo_sigurno_je_kraj_sveta\/311582954_447051307558018_5037624991143162944_n.jpeg\" data-elementor-open-lightbox=\"yes\" data-e-action-hash=\"#elementor-action%3Aaction%3Dlightbox%26settings%3DeyJpZCI6NzE1LCJ1cmwiOiJodHRwczpcL1wvamVkbm9zdGF2bm9yZWNlbm8ucnNcL3dwLWNvbnRlbnRcL3VwbG9hZHNcL2l6bG96YmVcL1RhbW9fZ2RlX3NlX25lX2N1amVtb19zaWd1cm5vX2plX2tyYWpfc3ZldGFcLzMxMTU4Mjk1NF80NDcwNTEzMDc1NTgwMThfNTAzNzYyNDk5MTE0MzE2Mjk0NF9uLmpwZWcifQ%3D%3D\">\n\t\t\t\t\t\t\t<img fetchpriority=\"high\" decoding=\"async\" width=\"1492\" height=\"2048\" src=\"https:\/\/jednostavnoreceno.rs\/wp-content\/uploads\/izlozbe\/Tamo_gde_se_ne_cujemo_sigurno_je_kraj_sveta\/311582954_447051307558018_5037624991143162944_n.jpeg\" class=\"attachment-full size-full wp-image-715\" alt=\"\" srcset=\"https:\/\/jednostavnoreceno.rs\/wp-content\/uploads\/izlozbe\/Tamo_gde_se_ne_cujemo_sigurno_je_kraj_sveta\/311582954_447051307558018_5037624991143162944_n.jpeg 1492w, https:\/\/jednostavnoreceno.rs\/wp-content\/uploads\/izlozbe\/Tamo_gde_se_ne_cujemo_sigurno_je_kraj_sveta\/311582954_447051307558018_5037624991143162944_n-219x300.jpeg 219w, https:\/\/jednostavnoreceno.rs\/wp-content\/uploads\/izlozbe\/Tamo_gde_se_ne_cujemo_sigurno_je_kraj_sveta\/311582954_447051307558018_5037624991143162944_n-746x1024.jpeg 746w, https:\/\/jednostavnoreceno.rs\/wp-content\/uploads\/izlozbe\/Tamo_gde_se_ne_cujemo_sigurno_je_kraj_sveta\/311582954_447051307558018_5037624991143162944_n-768x1054.jpeg 768w, https:\/\/jednostavnoreceno.rs\/wp-content\/uploads\/izlozbe\/Tamo_gde_se_ne_cujemo_sigurno_je_kraj_sveta\/311582954_447051307558018_5037624991143162944_n-1119x1536.jpeg 1119w, https:\/\/jednostavnoreceno.rs\/wp-content\/uploads\/izlozbe\/Tamo_gde_se_ne_cujemo_sigurno_je_kraj_sveta\/311582954_447051307558018_5037624991143162944_n-9x12.jpeg 9w\" sizes=\"(max-width: 1492px) 100vw, 1492px\" \/>\t\t\t\t\t\t\t\t<\/a>\n\t\t\t\t\t\t\t\t\t\t\t\t\t\t\t<\/div>\n\t\t\t\t<\/div>\n\t\t\t\t<div class=\"elementor-element elementor-element-bb46175 elementor-widget elementor-widget-text-editor\" data-id=\"bb46175\" data-element_type=\"widget\" data-widget_type=\"text-editor.default\">\n\t\t\t\t<div class=\"elementor-widget-container\">\n\t\t\t\t\t\t\t\t\t<h5 class=\"p1\"><strong>Tamo gde se ne \u010dujemo sigurno je kraj sveta<\/strong><\/h5><h6 class=\"p2\"><em>59. Oktobarski salon, RTS klub, 4.10- 4.12. 2022.<\/em><\/h6><p class=\"p2\">Radio Jugoslavija je emitovala programe na 13 jezika namenjene slu\u0161aocima \u0161irom\u00a0<span style=\"font-family: var( --e-global-typography-text-font-family ), Sans-serif; text-align: var(--text-align); font-size: 1rem;\">sveta. U periodu pre interneta, to je bio jedini na\u010din za mnoge od njih da prvi put saz<\/span><span style=\"font-family: var( --e-global-typography-text-font-family ), Sans-serif; text-align: var(--text-align); font-size: 1rem;\">naju, ali i da kontinuirano prate informacije o \u017eivotu, radu i dru\u0161tvu Jugoslavije, socijal<\/span><span style=\"font-family: var( --e-global-typography-text-font-family ), Sans-serif; text-align: var(--text-align); font-size: 1rem;\">isti\u010dke zemlje koja nije pripadala nijednom od blokova u \u201ehladnom ratu\u201d.\u00a0<\/span><\/p><p class=\"p2\"><span style=\"font-family: var( --e-global-typography-text-font-family ), Sans-serif; text-align: var(--text-align); font-size: 1rem;\">Zainteresovani slu\u0161aoci su program primali kratkim talasima, a sam Radio Jugoslavija\u00a0<\/span><span style=\"font-family: var( --e-global-typography-text-font-family ), Sans-serif; text-align: var(--text-align); font-size: 1rem;\">se oslanjao na radio amatere \u0161irom sveta, \u010desto okupljene u klubove slu\u0161alaca, za pro<\/span><span style=\"font-family: var( --e-global-typography-text-font-family ), Sans-serif; text-align: var(--text-align); font-size: 1rem;\">cenu kvaliteta signala na svojim frekvencijama. Oni su, uz propratne komentare, slali\u00a0<\/span><span style=\"font-family: var( --e-global-typography-text-font-family ), Sans-serif; text-align: var(--text-align); font-size: 1rem;\">ocene na osnovu me\u0111unarodnog protokola SINPO, opisuju\u0107i jasno\u0107u signala, stepen interferencije, \u0161uma i poreme\u0107aje u propagaciji.\u00a0<\/span><\/p><p class=\"p2\"><span style=\"font-family: var( --e-global-typography-text-font-family ), Sans-serif; text-align: var(--text-align); font-size: 1rem;\">Mnogi slu\u0161aoci slali su i pitanja, \u017eeljni vi\u0161e informacija o Jugoslaviji koje su za njih tada bile te\u0161ko dostupne na druge na\u010dine. I ovo mo\u017ee navesti na razmi\u0161ljanje o jasno\u0107i signala, \u0161umu, interferenciji i poreme\u0107ajima u propagaciji informacija u, naizgled jasno, podeljenom svetu. Ipak, iz komentara mo\u017eemo i\u0161\u010ditati neku vrstu poverenja u ta\u010dnost informacija koje primaju i \u017eelju da se razumevanje (moglo bi se re\u0107i) druge strane produbi.\u00a0<\/span><\/p><p class=\"p2\"><span style=\"font-family: var( --e-global-typography-text-font-family ), Sans-serif; text-align: var(--text-align); font-size: 1rem;\">Po\u0161tanske marke sa ovih pisama i same su slu\u017eile kao male propagandne poruke zemalja koje ih \u0161tampaju, afirmi\u0161u\u0107i njihove simbole, vrednosti i dostignu\u0107a. Iako su se obra\u0107ali novinarima i mediju, iz sadr\u017eaja mnogih pisama nije te\u0161ko ste\u0107i utisak da su razgovarali i sa Jugoslavijom u nekoj vrsti li\u010dne kulturne razmene i diplomatije.\u00a0<\/span><\/p><p class=\"p2\"><span style=\"font-family: var( --e-global-typography-text-font-family ), Sans-serif; text-align: var(--text-align); font-size: 1rem;\">U Radio Jugoslaviji su na sva ova pisma, kojih je svakodnevno stizalo vi\u0161e desetina, odgovarali zaposleni u redakcijama za razli\u010dite jezike. Me\u0111u dokumentima o programskim planovima, sastancima kolegijuma i radni\u010dkih saveta dostupnim u Arhivu Jugoslavije, sa\u010duvan je deo njihovih sadr\u017eaja, ali ne i odgovori na njih.<\/span><\/p>\t\t\t\t\t\t\t\t<\/div>\n\t\t\t\t<\/div>\n\t\t\t\t\t<\/div>\n\t\t\t\t<\/div>\n\t\t<div class=\"elementor-element elementor-element-0498be4 e-grid e-con-boxed e-con e-parent\" data-id=\"0498be4\" data-element_type=\"container\">\n\t\t\t\t\t<div class=\"e-con-inner\">\n\t\t\t\t<div class=\"elementor-element elementor-element-fcbb986 elementor-widget elementor-widget-image\" data-id=\"fcbb986\" data-element_type=\"widget\" data-widget_type=\"image.default\">\n\t\t\t\t<div class=\"elementor-widget-container\">\n\t\t\t\t\t\t\t\t\t\t\t\t\t\t\t\t<a href=\"https:\/\/jednostavnoreceno.rs\/wp-content\/uploads\/izlozbe\/Tamo_gde_se_ne_cujemo_sigurno_je_kraj_sveta\/jer-izlozba_markice.jpg\" data-elementor-open-lightbox=\"yes\" data-e-action-hash=\"#elementor-action%3Aaction%3Dlightbox%26settings%3DeyJpZCI6NzA4LCJ1cmwiOiJodHRwczpcL1wvamVkbm9zdGF2bm9yZWNlbm8ucnNcL3dwLWNvbnRlbnRcL3VwbG9hZHNcL2l6bG96YmVcL1RhbW9fZ2RlX3NlX25lX2N1amVtb19zaWd1cm5vX2plX2tyYWpfc3ZldGFcL2plci1pemxvemJhX21hcmtpY2UuanBnIn0%3D\">\n\t\t\t\t\t\t\t<img decoding=\"async\" width=\"150\" height=\"150\" src=\"https:\/\/jednostavnoreceno.rs\/wp-content\/uploads\/izlozbe\/Tamo_gde_se_ne_cujemo_sigurno_je_kraj_sveta\/jer-izlozba_markice-150x150.jpg\" class=\"attachment-thumbnail size-thumbnail wp-image-708\" alt=\"\" \/>\t\t\t\t\t\t\t\t<\/a>\n\t\t\t\t\t\t\t\t\t\t\t\t\t\t\t<\/div>\n\t\t\t\t<\/div>\n\t\t\t\t<div class=\"elementor-element elementor-element-f2ba5ab elementor-widget elementor-widget-image\" data-id=\"f2ba5ab\" data-element_type=\"widget\" data-widget_type=\"image.default\">\n\t\t\t\t<div class=\"elementor-widget-container\">\n\t\t\t\t\t\t\t\t\t\t\t\t\t\t\t\t<a href=\"https:\/\/jednostavnoreceno.rs\/wp-content\/uploads\/izlozbe\/Tamo_gde_se_ne_cujemo_sigurno_je_kraj_sveta\/313165789_447051407558008_7465456302034075009_n.jpg\" data-elementor-open-lightbox=\"yes\" data-e-action-hash=\"#elementor-action%3Aaction%3Dlightbox%26settings%3DeyJpZCI6NzEzLCJ1cmwiOiJodHRwczpcL1wvamVkbm9zdGF2bm9yZWNlbm8ucnNcL3dwLWNvbnRlbnRcL3VwbG9hZHNcL2l6bG96YmVcL1RhbW9fZ2RlX3NlX25lX2N1amVtb19zaWd1cm5vX2plX2tyYWpfc3ZldGFcLzMxMzE2NTc4OV80NDcwNTE0MDc1NTgwMDhfNzQ2NTQ1NjMwMjAzNDA3NTAwOV9uLmpwZyJ9\">\n\t\t\t\t\t\t\t<img decoding=\"async\" width=\"150\" height=\"150\" src=\"https:\/\/jednostavnoreceno.rs\/wp-content\/uploads\/izlozbe\/Tamo_gde_se_ne_cujemo_sigurno_je_kraj_sveta\/313165789_447051407558008_7465456302034075009_n-150x150.jpg\" class=\"attachment-thumbnail size-thumbnail wp-image-713\" alt=\"\" \/>\t\t\t\t\t\t\t\t<\/a>\n\t\t\t\t\t\t\t\t\t\t\t\t\t\t\t<\/div>\n\t\t\t\t<\/div>\n\t\t\t\t<div class=\"elementor-element elementor-element-6a0f7d4 elementor-widget elementor-widget-image\" data-id=\"6a0f7d4\" data-element_type=\"widget\" data-widget_type=\"image.default\">\n\t\t\t\t<div class=\"elementor-widget-container\">\n\t\t\t\t\t\t\t\t\t\t\t\t\t\t\t\t<a href=\"https:\/\/jednostavnoreceno.rs\/wp-content\/uploads\/izlozbe\/Tamo_gde_se_ne_cujemo_sigurno_je_kraj_sveta\/313209738_447051184224697_2700122610671773205_n.jpeg\" data-elementor-open-lightbox=\"yes\" data-e-action-hash=\"#elementor-action%3Aaction%3Dlightbox%26settings%3DeyJpZCI6NzEyLCJ1cmwiOiJodHRwczpcL1wvamVkbm9zdGF2bm9yZWNlbm8ucnNcL3dwLWNvbnRlbnRcL3VwbG9hZHNcL2l6bG96YmVcL1RhbW9fZ2RlX3NlX25lX2N1amVtb19zaWd1cm5vX2plX2tyYWpfc3ZldGFcLzMxMzIwOTczOF80NDcwNTExODQyMjQ2OTdfMjcwMDEyMjYxMDY3MTc3MzIwNV9uLmpwZWcifQ%3D%3D\">\n\t\t\t\t\t\t\t<img loading=\"lazy\" decoding=\"async\" width=\"150\" height=\"150\" src=\"https:\/\/jednostavnoreceno.rs\/wp-content\/uploads\/izlozbe\/Tamo_gde_se_ne_cujemo_sigurno_je_kraj_sveta\/313209738_447051184224697_2700122610671773205_n-150x150.jpeg\" class=\"attachment-thumbnail size-thumbnail wp-image-712\" alt=\"\" \/>\t\t\t\t\t\t\t\t<\/a>\n\t\t\t\t\t\t\t\t\t\t\t\t\t\t\t<\/div>\n\t\t\t\t<\/div>\n\t\t\t\t<div class=\"elementor-element elementor-element-5d2728a elementor-widget elementor-widget-image\" data-id=\"5d2728a\" data-element_type=\"widget\" data-widget_type=\"image.default\">\n\t\t\t\t<div class=\"elementor-widget-container\">\n\t\t\t\t\t\t\t\t\t\t\t\t\t\t\t\t<a href=\"https:\/\/jednostavnoreceno.rs\/wp-content\/uploads\/izlozbe\/Tamo_gde_se_ne_cujemo_sigurno_je_kraj_sveta\/315878945_464208189175663_383712215608790821_n.jpg\" data-elementor-open-lightbox=\"yes\" data-elementor-lightbox-title=\"315878945_464208189175663_383712215608790821_n\" data-e-action-hash=\"#elementor-action%3Aaction%3Dlightbox%26settings%3DeyJpZCI6NzExLCJ1cmwiOiJodHRwczpcL1wvamVkbm9zdGF2bm9yZWNlbm8ucnNcL3dwLWNvbnRlbnRcL3VwbG9hZHNcL2l6bG96YmVcL1RhbW9fZ2RlX3NlX25lX2N1amVtb19zaWd1cm5vX2plX2tyYWpfc3ZldGFcLzMxNTg3ODk0NV80NjQyMDgxODkxNzU2NjNfMzgzNzEyMjE1NjA4NzkwODIxX24uanBnIn0%3D\">\n\t\t\t\t\t\t\t<img loading=\"lazy\" decoding=\"async\" width=\"150\" height=\"150\" src=\"https:\/\/jednostavnoreceno.rs\/wp-content\/uploads\/izlozbe\/Tamo_gde_se_ne_cujemo_sigurno_je_kraj_sveta\/315878945_464208189175663_383712215608790821_n-150x150.jpg\" class=\"attachment-thumbnail size-thumbnail wp-image-711\" alt=\"\" \/>\t\t\t\t\t\t\t\t<\/a>\n\t\t\t\t\t\t\t\t\t\t\t\t\t\t\t<\/div>\n\t\t\t\t<\/div>\n\t\t\t\t<div class=\"elementor-element elementor-element-8577226 elementor-widget elementor-widget-image\" data-id=\"8577226\" data-element_type=\"widget\" data-widget_type=\"image.default\">\n\t\t\t\t<div class=\"elementor-widget-container\">\n\t\t\t\t\t\t\t\t\t\t\t\t\t\t\t\t<a href=\"https:\/\/jednostavnoreceno.rs\/wp-content\/uploads\/izlozbe\/Tamo_gde_se_ne_cujemo_sigurno_je_kraj_sveta\/357516414_599287082334439_4690669835216392693_n.jpg\" data-elementor-open-lightbox=\"yes\" data-e-action-hash=\"#elementor-action%3Aaction%3Dlightbox%26settings%3DeyJpZCI6NzEwLCJ1cmwiOiJodHRwczpcL1wvamVkbm9zdGF2bm9yZWNlbm8ucnNcL3dwLWNvbnRlbnRcL3VwbG9hZHNcL2l6bG96YmVcL1RhbW9fZ2RlX3NlX25lX2N1amVtb19zaWd1cm5vX2plX2tyYWpfc3ZldGFcLzM1NzUxNjQxNF81OTkyODcwODIzMzQ0MzlfNDY5MDY2OTgzNTIxNjM5MjY5M19uLmpwZyJ9\">\n\t\t\t\t\t\t\t<img loading=\"lazy\" decoding=\"async\" width=\"150\" height=\"150\" src=\"https:\/\/jednostavnoreceno.rs\/wp-content\/uploads\/izlozbe\/Tamo_gde_se_ne_cujemo_sigurno_je_kraj_sveta\/357516414_599287082334439_4690669835216392693_n-150x150.jpg\" class=\"attachment-thumbnail size-thumbnail wp-image-710\" alt=\"\" \/>\t\t\t\t\t\t\t\t<\/a>\n\t\t\t\t\t\t\t\t\t\t\t\t\t\t\t<\/div>\n\t\t\t\t<\/div>\n\t\t\t\t<div class=\"elementor-element elementor-element-204b3d2 elementor-widget elementor-widget-image\" data-id=\"204b3d2\" data-element_type=\"widget\" data-widget_type=\"image.default\">\n\t\t\t\t<div class=\"elementor-widget-container\">\n\t\t\t\t\t\t\t\t\t\t\t\t\t\t\t\t<a href=\"https:\/\/jednostavnoreceno.rs\/wp-content\/uploads\/izlozbe\/Tamo_gde_se_ne_cujemo_sigurno_je_kraj_sveta\/357575170_599287009001113_5955109216682372371_n.jpg\" data-elementor-open-lightbox=\"yes\" data-e-action-hash=\"#elementor-action%3Aaction%3Dlightbox%26settings%3DeyJpZCI6NzA5LCJ1cmwiOiJodHRwczpcL1wvamVkbm9zdGF2bm9yZWNlbm8ucnNcL3dwLWNvbnRlbnRcL3VwbG9hZHNcL2l6bG96YmVcL1RhbW9fZ2RlX3NlX25lX2N1amVtb19zaWd1cm5vX2plX2tyYWpfc3ZldGFcLzM1NzU3NTE3MF81OTkyODcwMDkwMDExMTNfNTk1NTEwOTIxNjY4MjM3MjM3MV9uLmpwZyJ9\">\n\t\t\t\t\t\t\t<img loading=\"lazy\" decoding=\"async\" width=\"150\" height=\"150\" src=\"https:\/\/jednostavnoreceno.rs\/wp-content\/uploads\/izlozbe\/Tamo_gde_se_ne_cujemo_sigurno_je_kraj_sveta\/357575170_599287009001113_5955109216682372371_n-150x150.jpg\" class=\"attachment-thumbnail size-thumbnail wp-image-709\" alt=\"\" \/>\t\t\t\t\t\t\t\t<\/a>\n\t\t\t\t\t\t\t\t\t\t\t\t\t\t\t<\/div>\n\t\t\t\t<\/div>\n\t\t\t\t<div class=\"elementor-element elementor-element-efd87b3 elementor-widget elementor-widget-image\" data-id=\"efd87b3\" data-element_type=\"widget\" data-widget_type=\"image.default\">\n\t\t\t\t<div class=\"elementor-widget-container\">\n\t\t\t\t\t\t\t\t\t\t\t\t\t\t\t\t<a href=\"https:\/\/jednostavnoreceno.rs\/wp-content\/uploads\/izlozbe\/Tamo_gde_se_ne_cujemo_sigurno_je_kraj_sveta\/311712863_448296487433500_2317028815005341541_n.jpeg\" data-elementor-open-lightbox=\"yes\" data-e-action-hash=\"#elementor-action%3Aaction%3Dlightbox%26settings%3DeyJpZCI6NzE0LCJ1cmwiOiJodHRwczpcL1wvamVkbm9zdGF2bm9yZWNlbm8ucnNcL3dwLWNvbnRlbnRcL3VwbG9hZHNcL2l6bG96YmVcL1RhbW9fZ2RlX3NlX25lX2N1amVtb19zaWd1cm5vX2plX2tyYWpfc3ZldGFcLzMxMTcxMjg2M180NDgyOTY0ODc0MzM1MDBfMjMxNzAyODgxNTAwNTM0MTU0MV9uLmpwZWcifQ%3D%3D\">\n\t\t\t\t\t\t\t<img loading=\"lazy\" decoding=\"async\" width=\"150\" height=\"150\" src=\"https:\/\/jednostavnoreceno.rs\/wp-content\/uploads\/izlozbe\/Tamo_gde_se_ne_cujemo_sigurno_je_kraj_sveta\/311712863_448296487433500_2317028815005341541_n-150x150.jpeg\" class=\"attachment-thumbnail size-thumbnail wp-image-714\" alt=\"\" srcset=\"https:\/\/jednostavnoreceno.rs\/wp-content\/uploads\/izlozbe\/Tamo_gde_se_ne_cujemo_sigurno_je_kraj_sveta\/311712863_448296487433500_2317028815005341541_n-150x150.jpeg 150w, https:\/\/jednostavnoreceno.rs\/wp-content\/uploads\/izlozbe\/Tamo_gde_se_ne_cujemo_sigurno_je_kraj_sveta\/311712863_448296487433500_2317028815005341541_n-12x12.jpeg 12w\" sizes=\"(max-width: 150px) 100vw, 150px\" \/>\t\t\t\t\t\t\t\t<\/a>\n\t\t\t\t\t\t\t\t\t\t\t\t\t\t\t<\/div>\n\t\t\t\t<\/div>\n\t\t\t\t<div class=\"elementor-element elementor-element-e484438 elementor-widget elementor-widget-image\" data-id=\"e484438\" data-element_type=\"widget\" data-widget_type=\"image.default\">\n\t\t\t\t<div class=\"elementor-widget-container\">\n\t\t\t\t\t\t\t\t\t\t\t\t\t\t\t\t<a href=\"https:\/\/jednostavnoreceno.rs\/wp-content\/uploads\/izlozbe\/Tamo_gde_se_ne_cujemo_sigurno_je_kraj_sveta\/ph-vladimir-opsenica-59-Oktobarski-salon-Otvara-nje-2-Jednostavno-receno-RTS-Klub-DSC_8966.jpg\" data-elementor-open-lightbox=\"yes\" data-e-action-hash=\"#elementor-action%3Aaction%3Dlightbox%26settings%3DeyJpZCI6NzA3LCJ1cmwiOiJodHRwczpcL1wvamVkbm9zdGF2bm9yZWNlbm8ucnNcL3dwLWNvbnRlbnRcL3VwbG9hZHNcL2l6bG96YmVcL1RhbW9fZ2RlX3NlX25lX2N1amVtb19zaWd1cm5vX2plX2tyYWpfc3ZldGFcL3BoLXZsYWRpbWlyLW9wc2VuaWNhLTU5LU9rdG9iYXJza2ktc2Fsb24tT3R2YXJhLW5qZS0yLUplZG5vc3Rhdm5vLXJlY2Vuby1SVFMtS2x1Yi1EU0NfODk2Ni5qcGcifQ%3D%3D\">\n\t\t\t\t\t\t\t<img loading=\"lazy\" decoding=\"async\" width=\"150\" height=\"150\" src=\"https:\/\/jednostavnoreceno.rs\/wp-content\/uploads\/izlozbe\/Tamo_gde_se_ne_cujemo_sigurno_je_kraj_sveta\/ph-vladimir-opsenica-59-Oktobarski-salon-Otvara-nje-2-Jednostavno-receno-RTS-Klub-DSC_8966-150x150.jpg\" class=\"attachment-thumbnail size-thumbnail wp-image-707\" alt=\"\" \/>\t\t\t\t\t\t\t\t<\/a>\n\t\t\t\t\t\t\t\t\t\t\t\t\t\t\t<\/div>\n\t\t\t\t<\/div>\n\t\t\t\t<div class=\"elementor-element elementor-element-7ca9a6d elementor-widget elementor-widget-image\" data-id=\"7ca9a6d\" data-element_type=\"widget\" data-widget_type=\"image.default\">\n\t\t\t\t<div class=\"elementor-widget-container\">\n\t\t\t\t\t\t\t\t\t\t\t\t\t\t\t\t<a href=\"https:\/\/jednostavnoreceno.rs\/wp-content\/uploads\/izlozbe\/Tamo_gde_se_ne_cujemo_sigurno_je_kraj_sveta\/ph-vladimir-opsenica-59-Oktobarski-salon-Otvara-nje-2-Jednostavno-receno-RTS-Klub-DSC_9184.jpg\" data-elementor-open-lightbox=\"yes\" data-e-action-hash=\"#elementor-action%3Aaction%3Dlightbox%26settings%3DeyJpZCI6NzA2LCJ1cmwiOiJodHRwczpcL1wvamVkbm9zdGF2bm9yZWNlbm8ucnNcL3dwLWNvbnRlbnRcL3VwbG9hZHNcL2l6bG96YmVcL1RhbW9fZ2RlX3NlX25lX2N1amVtb19zaWd1cm5vX2plX2tyYWpfc3ZldGFcL3BoLXZsYWRpbWlyLW9wc2VuaWNhLTU5LU9rdG9iYXJza2ktc2Fsb24tT3R2YXJhLW5qZS0yLUplZG5vc3Rhdm5vLXJlY2Vuby1SVFMtS2x1Yi1EU0NfOTE4NC5qcGcifQ%3D%3D\">\n\t\t\t\t\t\t\t<img loading=\"lazy\" decoding=\"async\" width=\"150\" height=\"150\" src=\"https:\/\/jednostavnoreceno.rs\/wp-content\/uploads\/izlozbe\/Tamo_gde_se_ne_cujemo_sigurno_je_kraj_sveta\/ph-vladimir-opsenica-59-Oktobarski-salon-Otvara-nje-2-Jednostavno-receno-RTS-Klub-DSC_9184-150x150.jpg\" class=\"attachment-thumbnail size-thumbnail wp-image-706\" alt=\"\" \/>\t\t\t\t\t\t\t\t<\/a>\n\t\t\t\t\t\t\t\t\t\t\t\t\t\t\t<\/div>\n\t\t\t\t<\/div>\n\t\t\t\t\t<\/div>\n\t\t\t\t<\/div>\n\t\t\t\t<\/div>","protected":false},"excerpt":{"rendered":"<p>Tamo gde se ne \u010dujemo sigurno je kraj sveta 59. Oktobarski salon, RTS klub, 4.10- 4.12. 2022. Radio Jugoslavija je emitovala programe na 13 jezika namenjene slu\u0161aocima \u0161irom\u00a0sveta. U periodu pre interneta, to je bio jedini na\u010din za mnoge od njih da prvi put saznaju, ali i da kontinuirano prate informacije o \u017eivotu, radu i [&hellip;]<\/p>","protected":false},"author":1,"featured_media":0,"parent":0,"menu_order":0,"comment_status":"closed","ping_status":"closed","template":"","meta":{"footnotes":""},"class_list":["post-959","page","type-page","status-publish","hentry"],"jetpack_sharing_enabled":true,"_links":{"self":[{"href":"https:\/\/jednostavnoreceno.rs\/en\/wp-json\/wp\/v2\/pages\/959","targetHints":{"allow":["GET"]}}],"collection":[{"href":"https:\/\/jednostavnoreceno.rs\/en\/wp-json\/wp\/v2\/pages"}],"about":[{"href":"https:\/\/jednostavnoreceno.rs\/en\/wp-json\/wp\/v2\/types\/page"}],"author":[{"embeddable":true,"href":"https:\/\/jednostavnoreceno.rs\/en\/wp-json\/wp\/v2\/users\/1"}],"replies":[{"embeddable":true,"href":"https:\/\/jednostavnoreceno.rs\/en\/wp-json\/wp\/v2\/comments?post=959"}],"version-history":[{"count":0,"href":"https:\/\/jednostavnoreceno.rs\/en\/wp-json\/wp\/v2\/pages\/959\/revisions"}],"wp:attachment":[{"href":"https:\/\/jednostavnoreceno.rs\/en\/wp-json\/wp\/v2\/media?parent=959"}],"curies":[{"name":"wp","href":"https:\/\/api.w.org\/{rel}","templated":true}]}}